{"id":4857,"date":"2013-04-11T22:07:06","date_gmt":"2013-04-11T20:07:06","guid":{"rendered":"https:\/\/www.intel-trade.hr\/kontakt-2\/"},"modified":"2015-07-29T14:54:47","modified_gmt":"2015-07-29T12:54:47","slug":"kontakt","status":"publish","type":"page","link":"https:\/\/www.intel-trade.hr\/en\/kontakt\/","title":{"rendered":"Contact"},"content":{"rendered":"<div class=\"lokacija\">\n<div class=\"informacije\">\n<h2>Headquarters<\/h2>\n<p>Dr. A. Mandi\u0107a 9 &#8211; <a title=\"Prika\u017ei na karti\" href=\"https:\/\/www.google.com\/maps\/place\/Ulica+dr.+Ante+Mandi%C4%87a+9,+51410,+Opatija,+Croatia\/@45.3532481,14.3228036,17z\/data=!3m1!4b1!4m2!3m1!1s0x4764a627d74b216b:0x53afac62485fb4c3\" target=\"_blank\" rel=\"nofollow\"><img loading=\"lazy\" decoding=\"async\" class=\"alignnone wp-image-3422 size-full colorbox-4857\" src=\"https:\/\/www.intel-trade.hr\/wp-content\/uploads\/2013\/04\/i-map.png\" alt=\"Karta\" width=\"18\" height=\"20\" \/><\/a><br \/>\n51410 Opatija, Croatia<\/p>\n<p>Tel.: +385 51 741 100<br \/>\nFax: +385 51 701 470<br \/>\nEmail:\u00a0<a href=\"mailto:ri@intel-trade.hr\">ri@intel-trade.hr<\/a><\/p>\n<\/div>\n<div class=\"upute\">\n<h2>Service-storage centre\u00a0Mu\u010di\u0107i<\/h2>\n<p>Mu\u010di\u0107i 33b &#8211; <a title=\"Prika\u017ei na karti\" href=\"https:\/\/maps.google.com\/maps?q=45.404958,+14.306139999999997\" target=\"_blank\" rel=\"nofollow\"><img loading=\"lazy\" decoding=\"async\" class=\"alignnone size-full wp-image-3422 colorbox-4857\" src=\"https:\/\/www.intel-trade.hr\/wp-content\/uploads\/2013\/04\/i-map.png\" alt=\"Karta\" width=\"18\" height=\"20\" \/><\/a><br \/>\n51213 Jurdani,\u00a0Croatia<\/p>\n<p>Tel.: +385 51 279 933<br \/>\nFax: +385 51 279 944<br \/>\nEmail:\u00a0<a href=\"mailto:servis-ri@intel-trade.hr\">servis-ri@intel-trade.hr<\/a><\/p>\n<\/div>\n<\/div>\n<hr \/>\n<div class=\"lokacija\">\n<div class=\"informacije\">\n<h2>Office Zagreb<\/h2>\n<p>Trg V. Ma\u010deka 6 &#8211; <a title=\"Prika\u017ei na karti\" href=\"https:\/\/www.google.com\/maps\/place\/Trg+Vladka+Ma%C4%8Deka+6,+10000,+Zagreb,+Croatia\/@45.8110214,15.9577206,17z\/data=!4m2!3m1!1s0x4765d6e76709bb05:0x127f91e810abbe69\" target=\"_blank\" rel=\"nofollow\"><img loading=\"lazy\" decoding=\"async\" class=\"alignnone wp-image-3422 size-full colorbox-4857\" src=\"https:\/\/www.intel-trade.hr\/wp-content\/uploads\/2013\/04\/i-map.png\" alt=\"Karta\" width=\"18\" height=\"20\" \/><\/a><br \/>\n10000 Zagreb,\u00a0Croatia<\/p>\n<p>Tel.: +385 1 39 08 555<br \/>\nFax: +385 1 39 08 566<br \/>\nEmail:\u00a0<a href=\"mailto:zg@intel-trade.hr\">zg@intel-trade.hr<\/a><\/p>\n<\/div>\n<div class=\"upute\">\n<h2>Service-storage centre\u00a0Zagreb<\/h2>\n<p>Bisa\u010dka 3 &#8211; <a title=\"Prika\u017ei na karti\" href=\"https:\/\/maps.google.com\/maps?q=45.804153,+15.953221\" target=\"_blank\" rel=\"nofollow\"><img loading=\"lazy\" decoding=\"async\" class=\"alignnone size-full wp-image-3422 colorbox-4857\" src=\"https:\/\/www.intel-trade.hr\/wp-content\/uploads\/2013\/04\/i-map.png\" alt=\"Karta\" width=\"18\" height=\"20\" \/><\/a><br \/>\n10000 Zagreb,\u00a0Croatia<\/p>\n<p>Tel.: +385 1 39 08 555<br \/>\nFax: +385 1 36 59 899<br \/>\nEmail:\u00a0<a href=\"mailto:servis-zg@intel-trade.hr\">servis-zg@intel-trade.hr<\/a><\/p>\n<\/div>\n<\/div>\n<hr \/>\n<h2><\/h2>\n<h2>Contact form:<\/h2>\n\n<div class=\"wpcf7 no-js\" id=\"wpcf7-f4839-o1\" lang=\"en-US\" dir=\"ltr\" data-wpcf7-id=\"4839\">\n<div class=\"screen-reader-response\"><p role=\"status\" aria-live=\"polite\" aria-atomic=\"true\"><\/p> <ul><\/ul><\/div>\n<form action=\"\/en\/wp-json\/wp\/v2\/pages\/4857#wpcf7-f4839-o1\" method=\"post\" class=\"wpcf7-form init\" aria-label=\"Contact form\" novalidate=\"novalidate\" data-status=\"init\">\n<fieldset class=\"hidden-fields-container\"><input type=\"hidden\" name=\"_wpcf7\" value=\"4839\" \/><input type=\"hidden\" name=\"_wpcf7_version\" value=\"6.1.5\" \/><input type=\"hidden\" name=\"_wpcf7_locale\" value=\"en_US\" \/><input type=\"hidden\" name=\"_wpcf7_unit_tag\" value=\"wpcf7-f4839-o1\" \/><input type=\"hidden\" name=\"_wpcf7_container_post\" value=\"0\" \/><input type=\"hidden\" name=\"_wpcf7_posted_data_hash\" value=\"\" \/>\n<\/fieldset>\n<section class=\"servis-o\">\n\t<div class=\"lijevo\">\n\t\t<p>First and last name (required)\n\t\t<\/p>\n\t\t<p><span class=\"wpcf7-form-control-wrap\" data-name=\"your-name\"><input size=\"40\" maxlength=\"400\" class=\"wpcf7-form-control wpcf7-text wpcf7-validates-as-required\" aria-required=\"true\" aria-invalid=\"false\" value=\"\" type=\"text\" name=\"your-name\" \/><\/span>\n\t\t<\/p>\n\t\t<p> Email (required)\n\t\t<\/p>\n\t\t<p><span class=\"wpcf7-form-control-wrap\" data-name=\"your-email\"><input size=\"40\" maxlength=\"400\" class=\"wpcf7-form-control wpcf7-email wpcf7-validates-as-required wpcf7-text wpcf7-validates-as-email\" aria-required=\"true\" aria-invalid=\"false\" value=\"\" type=\"email\" name=\"your-email\" \/><\/span>\n\t\t<\/p>\n\t\t<p>Company\n\t\t<\/p>\n\t\t<p><span class=\"wpcf7-form-control-wrap\" data-name=\"tvrtka\"><input size=\"40\" maxlength=\"400\" class=\"wpcf7-form-control wpcf7-text\" aria-invalid=\"false\" value=\"\" type=\"text\" name=\"tvrtka\" \/><\/span>\n\t\t<\/p>\n\t\t<p>Phone\n\t\t<\/p>\n\t\t<p><span class=\"wpcf7-form-control-wrap\" data-name=\"telefon\"><input size=\"40\" maxlength=\"400\" class=\"wpcf7-form-control wpcf7-text\" aria-invalid=\"false\" value=\"\" type=\"text\" name=\"telefon\" \/><\/span>\n\t\t<\/p>\n\t\t<p>Mobile\n\t\t<\/p>\n\t\t<p><span class=\"wpcf7-form-control-wrap\" data-name=\"mobitel\"><input size=\"40\" maxlength=\"400\" class=\"wpcf7-form-control wpcf7-text\" aria-invalid=\"false\" value=\"\" type=\"text\" name=\"mobitel\" \/><\/span>\n\t\t<\/p>\n\t\t<p>Fax\n\t\t<\/p>\n\t\t<p><span class=\"wpcf7-form-control-wrap\" data-name=\"fax\"><input size=\"40\" maxlength=\"400\" class=\"wpcf7-form-control wpcf7-text\" aria-invalid=\"false\" value=\"\" type=\"text\" name=\"fax\" \/><\/span>\n\t\t<\/p>\n\t<\/div>\n\t<div class=\"desno\">\n\t\t<p>Inquiry\n\t\t<\/p>\n\t\t<p><span class=\"wpcf7-form-control-wrap\" data-name=\"upit\"><textarea cols=\"40\" rows=\"12\" maxlength=\"2000\" class=\"wpcf7-form-control wpcf7-textarea\" aria-invalid=\"false\" name=\"upit\"><\/textarea><\/span>\n\t\t<\/p>\n\t\t<p>Calculate: <span class=\"wpcf7-form-control-wrap\" data-name=\"quiz-914\"><label><span class=\"wpcf7-quiz-label\">4+3=<\/span> <input size=\"4\" maxlength=\"3\" class=\"wpcf7-form-control wpcf7-quiz\" autocomplete=\"off\" aria-required=\"true\" aria-invalid=\"false\" type=\"text\" name=\"quiz-914\" \/><\/label><input type=\"hidden\" name=\"_wpcf7_quiz_answer_quiz-914\" value=\"f6754066d07830910258fe6bc1c230bc\" \/><\/span>\n\t\t<\/p>\n\t\t<p><input class=\"wpcf7-form-control wpcf7-submit has-spinner\" type=\"submit\" value=\"Send email\" \/>\n\t\t<\/p>\n\t<\/div>\n<\/section>\n<p>By pressing the \"Send email\" button, I agree to store my data for further communication. I understand that at my request you can delete me from the database at any time, I can request access to my data, edit and permanently remove my data.\n<\/p><div class=\"wpcf7-response-output\" aria-hidden=\"true\"><\/div>\n<\/form>\n<\/div>\n\n","protected":false},"excerpt":{"rendered":"<p>Headquarters Dr. A. Mandi\u0107a 9 &#8211; 51410 Opatija, Croatia Tel.: +385 51 741 100 Fax: +385 51 701 470 Email:\u00a0ri@intel-trade.hr Service-storage centre\u00a0Mu\u010di\u0107i Mu\u010di\u0107i 33b &#8211; 51213 Jurdani,\u00a0Croatia Tel.: +385 51 279 933 Fax: +385 51 279 944 Email:\u00a0servis-ri@intel-trade.hr Office Zagreb Trg V. Ma\u010deka 6 &#8211; 10000 Zagreb,\u00a0Croatia Tel.: +385 1 39 08 555 Fax: +385 [&hellip;]<\/p>\n","protected":false},"author":4,"featured_media":0,"parent":0,"menu_order":0,"comment_status":"closed","ping_status":"open","template":"page-templates\/kontakt.php","meta":{"footnotes":""},"class_list":["post-4857","page","type-page","status-publish","hentry"],"_links":{"self":[{"href":"https:\/\/www.intel-trade.hr\/en\/wp-json\/wp\/v2\/pages\/4857","targetHints":{"allow":["GET"]}}],"collection":[{"href":"https:\/\/www.intel-trade.hr\/en\/wp-json\/wp\/v2\/pages"}],"about":[{"href":"https:\/\/www.intel-trade.hr\/en\/wp-json\/wp\/v2\/types\/page"}],"author":[{"embeddable":true,"href":"https:\/\/www.intel-trade.hr\/en\/wp-json\/wp\/v2\/users\/4"}],"replies":[{"embeddable":true,"href":"https:\/\/www.intel-trade.hr\/en\/wp-json\/wp\/v2\/comments?post=4857"}],"version-history":[{"count":0,"href":"https:\/\/www.intel-trade.hr\/en\/wp-json\/wp\/v2\/pages\/4857\/revisions"}],"wp:attachment":[{"href":"https:\/\/www.intel-trade.hr\/en\/wp-json\/wp\/v2\/media?parent=4857"}],"curies":[{"name":"wp","href":"https:\/\/api.w.org\/{rel}","templated":true}]}}